{"id":25,"date":"2018-08-14T17:54:53","date_gmt":"2018-08-14T17:54:53","guid":{"rendered":"https:\/\/colaresadvocacia.com.br\/?page_id=25"},"modified":"2025-02-26T09:11:00","modified_gmt":"2025-02-26T12:11:00","slug":"servicos","status":"publish","type":"page","link":"https:\/\/colaresadvocacia.com.br\/?page_id=25","title":{"rendered":"Servi\u00e7os"},"content":{"rendered":"\n<h2 class=\"wp-block-heading has-text-align-center\">ASSESSORIA E CONSULTORIA ESPECIALIZADA<\/h2>\n\n\n\n<p class=\"has-text-align-center has-medium-font-size\">Servi\u00e7os na \u00e1rea de direito internacional relacionados \u00e0 estrangeiros e brasileiros.<\/p>\n\n\n\n<hr class=\"wp-block-separator has-alpha-channel-opacity\"\/>\n\n\n<div class=\"panel\">\n<div class=\"panel-body\">\n<h4>Imigra\u00e7\u00e3o<\/h4>\n<p>Com larga experi\u00eancia neste setor, tratamos de toda burocracia que envolve os pedidos e tr\u00e2mites de diversos tipos de resid\u00eancias e vistos e outros assuntos ligados aos estrangeiros no Brasil e brasileiros no exterior. A seguir vemos os principais servi\u00e7os:<\/p>\n<ul>\n<li>Resid\u00eancia para profissionais em trabalho remoto &#8211; N\u00f4made Digital;<\/li>\n<li>autoriza\u00e7\u00e3o de resid\u00eancia para tratamento de sa\u00fade;<\/li>\n<li>renova\u00e7\u00e3o do prazo de resid\u00eancia do imigrante em tratamento de sa\u00fade;<\/li>\n<li>autoriza\u00e7\u00e3o de resid\u00eancia para fins de estudo;<\/li>\n<li>renova\u00e7\u00e3o do prazo de resid\u00eancia do imigrante estudante;<\/li>\n<li>autoriza\u00e7\u00e3o de resid\u00eancia para f\u00e9rias-trabalho;<\/li>\n<li>autoriza\u00e7\u00e3o de resid\u00eancia com base em reuni\u00e3o familiar(pais, filhos, netos, av\u00f3s, enteados, padrastos, madrastas, curatelas, tutelados, irm\u00e3os);<\/li>\n<li>renova\u00e7\u00e3o do prazo de resid\u00eancia do imigrante em situa\u00e7\u00e3o de reuni\u00e3o familiar;<\/li>\n<li>altera\u00e7\u00e3o do prazo de resid\u00eancia familiar, de tempor\u00e1rio para indeterminado;<\/li>\n<li>autoriza\u00e7\u00e3o de resid\u00eancia com base em Acordo ou Tratado de Resid\u00eancia;<\/li>\n<li>renova\u00e7\u00e3o do prazo de resid\u00eancia do imigrante residente com base em Acordo ou Tratado;<\/li>\n<li>altera\u00e7\u00e3o do prazo de resid\u00eancia com base em acordo ou tratado, de tempor\u00e1rio para indeterminado;<\/li>\n<li>registro de autoriza\u00e7\u00e3o de resid\u00eancia de imigrante que teve reconhecida a condi\u00e7\u00e3o de refugiado pelo CONARE(Comit\u00ea Nacional para os refugiados);<\/li>\n<li>registro de autoriza\u00e7\u00e3o de resid\u00eancia de imigrante que teve asilo pol\u00edtico concedido pelo Estado brasileiro;<\/li>\n<li>registro de autoriza\u00e7\u00e3o de resid\u00eancia de imigrante que teve reconhecida sua condi\u00e7\u00e3o de ap\u00e1trida;<\/li>\n<li>autoriza\u00e7\u00e3o de resid\u00eancia do imigrante que se encontra em liberdade provis\u00f3ria ou em cumprimento de pena;<\/li>\n<li>renova\u00e7\u00e3o do prazo de resid\u00eancia de imigrante que se encontra em liberdade provis\u00f3ria ou em cumprimento de pena;<\/li>\n<li>autoriza\u00e7\u00e3o de resid\u00eancia de imigrante anteriormente regularizado com base em reuni\u00e3o familiar;<\/li>\n<li>substitui\u00e7\u00e3o da Carteira de Registro Nacional Migrat\u00f3rio(antigo RNE &#8211; Registro Nacional de Estrangeiro) de residente por prazo indeterminado em raz\u00e3o de decurso do prazo de validade do documento;<\/li>\n<li>resid\u00eancias para investidores estrangeiros que invistam em pessoas jur\u00eddicas nacionais;<\/li>\n<li>Resid\u00eancia pr\u00e9via com base em investimento imobili\u00e1rio;<\/li>\n<li>resid\u00eancias para administradores, executivos, gerentes ou diretores com poderes de gest\u00e3o, para representar sociedade civil ou comercial, grupo ou conglomerado econ\u00f4mico;<\/li>\n<li>vistos e resid\u00eancias para aposentados;<\/li>\n<li>vistos tempor\u00e1rios e autoriza\u00e7\u00f5es de resid\u00eancia para a pr\u00e1tica de atividades religiosas;<\/li>\n<li>vistos e autoriza\u00e7\u00f5es de resid\u00eancia para trabalho volunt\u00e1rio junto \u00e0 entidade de direito p\u00fablico ou privado sem fins lucrativos, ou a organiza\u00e7\u00e3o vinculada a governo estrangeiro;<\/li>\n<li>vistos e autoriza\u00e7\u00e3o de resid\u00eancia para realiza\u00e7\u00e3o de atividades como correspondente de jornal, revista, r\u00e1dio, televis\u00e3o e ag\u00eancia noticiosa estrangeira;<\/li>\n<li>visto de turismo e neg\u00f3cios;<\/li>\n<li>resid\u00eancias tempor\u00e1rias para estrangeiros na condi\u00e7\u00e3o de artista ou desportista com contrato por prazo determinado sem v\u00ednculo empregat\u00edcio com a pessoa f\u00edsica ou jur\u00eddica sediada no Brasil;<\/li>\n<li>resid\u00eancias para trabalho sem v\u00ednculo empregat\u00edcio no Brasil para transfer\u00eancia de tecnologia;<\/li>\n<li>resid\u00eancias para trabalho sem v\u00ednculo empregat\u00edcio no Brasil para mar\u00edtimos a bordo de embarca\u00e7\u00e3o de cruzeiros mar\u00edtimos pela costa brasileira;<\/li>\n<li>resid\u00eancias para trabalho sem v\u00ednculo empregat\u00edcio no Brasil para mar\u00edtimos a bordo de embarca\u00e7\u00e3o ou plataforma de bandeira estrangeira;<\/li>\n<li>resid\u00eancias para trabalho sem v\u00ednculo empregat\u00edcio no Brasil para prestar servi\u00e7o ou aux\u00edlio t\u00e9cnico ao governo brasileiro;<\/li>\n<li>resid\u00eancias para trabalho sem v\u00ednculo empregat\u00edcio no Brasil ao abrigo de acordo de coopera\u00e7\u00e3o internacional;<\/li>\n<li>resid\u00eancias para trabalho sem v\u00ednculo empregat\u00edcio no Brasil para representar no Pa\u00eds, institui\u00e7\u00e3o financeira ou assemelhada sediada no exterior;<\/li>\n<li>resid\u00eancias para trabalho sem v\u00ednculo empregat\u00edcio no Brasil para representar pessoa jur\u00eddica de direito privado sem fins lucrativos;<\/li>\n<li>resid\u00eancias para exerc\u00edcio de cargo, fun\u00e7\u00e3o ou atribui\u00e7\u00e3o, sem v\u00ednculo empregat\u00edcio no Brasil, por prazo indeterminado, em raz\u00e3o de legisla\u00e7\u00e3o federal espec\u00edfica exigir resid\u00eancia no Brasil;<\/li>\n<li>resid\u00eancias para trabalho sem v\u00ednculo empregat\u00edcio no Brasil para imigrante vinculado a Grupo Econ\u00f4mico cuja matriz situe-se no Brasil, com vistas \u00e0 capacita\u00e7\u00e3o e \u00e0 assimila\u00e7\u00e3o da cultura empresarial em metodologia de gest\u00e3o da empresa interessada;<\/li>\n<li>resid\u00eancias para trabalho sem v\u00ednculo empregat\u00edcio no Brasil para receber treinamento profissional junto \u00e0 subsidi\u00e1ria, filial ou matriz brasileira;<\/li>\n<li>visto tempor\u00e1rio e autoriza\u00e7\u00e3o de resid\u00eancia para pesquisa, ensino ou extens\u00e3o acad\u00eamica a cientista, pesquisador, professor, ao profissional estrangeiro que pretenda vir ao Pa\u00eds, com prazo de estada superior a 90(noventa) dias;<\/li>\n<li>resid\u00eancia para fins de trabalho com v\u00ednculo empregat\u00edcio no Brasil, na condi\u00e7\u00e3o de atleta profissional, definido em lei;<\/li>\n<li>resid\u00eancias para trabalho sem v\u00ednculo empregat\u00edcio no Brasil para mar\u00edtimos a bordo de embarca\u00e7\u00e3o estrangeira de pesca arrendada por empresa brasileira;<\/li>\n<li>resid\u00eancia para realiza\u00e7\u00e3o de pesquisa, ensino ou extens\u00e3o acad\u00eamica com v\u00ednculo no Pa\u00eds;<\/li>\n<li>visto tempor\u00e1rio e resid\u00eancia a imigrante maior de quatorze e menor de dezoito anos para realiza\u00e7\u00e3o de atividades desportivas;<\/li>\n<li>resid\u00eancia para fins de trabalho para realiza\u00e7\u00e3o de est\u00e1gio profissional ou interc\u00e2mbio profissional;<\/li>\n<li>resid\u00eancia para n\u00f4mades digitais;<\/li>\n<li>resid\u00eancia, para fins de trabalho, ao imigrante que cursou e concluiu gradua\u00e7\u00e3o ou p\u00f3s-gradua\u00e7\u00e3o stricto sensu, no Brasil, e esteja no territ\u00f3rio nacional;<\/li>\n<li>resid\u00eancias em casos especiais associadas \u00e0s quest\u00f5es laborais;<\/li>\n<li>naturaliza\u00e7\u00f5es;<\/li>\n<li>reaquisi\u00e7\u00e3o de nacionalidade brasileira ou revoga\u00e7\u00e3o da decis\u00e3o de perda de nacionalidade brasileira;<\/li>\n<li>defesa em perda de nacionalidade brasileira de of\u00edcio;<\/li>\n<li>requerimento de perda de nacionalidade brasileira;<\/li>\n<li>dilig\u00eancias junto \u00e0 Receita Federal para emiss\u00e3o de CPF, com assessoria na documenta\u00e7\u00e3o;<\/li>\n<li>dilig\u00eancias junto \u00e0 Receita Federal para emiss\u00e3o de CPF, com assessoria na documenta\u00e7\u00e3o e atua\u00e7\u00e3o como procurador;<\/li>\n<li>renova\u00e7\u00f5es dos prazos ou altera\u00e7\u00e3o para prazos indeterminados de resid\u00eancias concedidas no exterior ou no Brasil de compet\u00eancia do Minist\u00e9rio do Trabalho ou Minist\u00e9rio da Justi\u00e7a;<\/li>\n<li>prorroga\u00e7\u00f5es de prazos de estada de turista e tempor\u00e1rio;<\/li>\n<li>defesas administrativas em virtude de autos de infra\u00e7\u00e3o lavrados pelo Departamento de Pol\u00edcia Federal;<\/li>\n<li>restabelecimento de perman\u00eancia e outros vistos e resid\u00eancias;<\/li>\n<li>anistia;<\/li>\n<li>atua\u00e7\u00e3o no acompanhamento de processos de retiradas compuls\u00f3rias, tais como: extradi\u00e7\u00e3o, deporta\u00e7\u00e3o e expuls\u00e3o de estrangeiros;<\/li>\n<li>Acessoria e consultoria especializada na \u00e1rea de direito internacional relacionado a estrangeiros e brasileiros;<\/li>\n<li>resid\u00eancia para n\u00f4mades digitais; e<\/li>\n<li>\n<p>resid\u00eancia, para fins de trabalho, ao imigrante que cursou e concluiu gradua\u00e7\u00e3o ou p\u00f3s-gradua\u00e7\u00e3o stricto sensu, no Brasil, e esteja no territ\u00f3rio nacional.<\/p>\n<\/li>\n<\/ul>\n<p><!--\n\n\n\n\n\n\n<h4>Emigra\u00e7\u00e3o<\/h4>\n\n\n\n\n\n\nAtrav\u00e9s de parcerias, laboramos tamb\u00e9m com Emigra\u00e7\u00e3o para outros pa\u00edses, ou seja, brasileiros que querem residir em outros pa\u00edses. Entre em contato conosco e indicaremos o parceiro adequado para cuidar do caso a depender do pa\u00eds escolhido.\n\n--><\/p>\n<h4>Demais Ramos de Atua\u00e7\u00e3o<\/h4>\n<p>Considerando-se a imperiosa necessidade de conferir seguran\u00e7a, certeza e estabilidade aos empreendedores que investem no Brasil, propiciando-lhes desenvolvimento, \u00e9 que COLARES ADVOCACIA, escrit\u00f3rio de presta\u00e7\u00e3o de assessoria jur\u00eddica, com profissionais de larga experi\u00eancia na atua\u00e7\u00e3o contenciosa e consultiva no Estado do Cear\u00e1, apresenta seus servi\u00e7os:<\/p>\n<div class=\"row\">\n<div class=\"col-md-4 text-center\">\n<h1>\u00a0<\/h1>\n<p>Consultoria t\u00e9cnica especializada, verbal ou escrita, de seus advogados sobre mat\u00e9ria ou quest\u00e3o espec\u00edfica, aprior\u00edsitica ou em curso;<\/p>\n<\/div>\n<div class=\"col-md-4 text-center\">\n<h1>\u00a0<\/h1>\n<p>Atua\u00e7\u00e3o na esfera administrativa nacional, estadual ou municipal, inclusive quanto a processos administrativos, e;<\/p>\n<\/div>\n<div class=\"col-md-4 text-center\">\n<h1>\u00a0<\/h1>\n<p>Defesa contenciosa dos interesses de seus clientes e realiza\u00e7\u00e3o de todos os atos judiciais que se fizerem necess\u00e1rios no decorrer das querelas.<\/p>\n<\/div>\n<\/div>\n<\/div>\n<\/div>\n<div class=\"panel panel-destaque1\">\n<div class=\"panel-heading\">\n<h3 class=\"text-center\">Para o melhor desenvolvimento de suas atribui\u00e7\u00f5es, os profissionais de COLARES ADVOCACIA atuam em segmentos jur\u00eddicos espec\u00edficos no escrit\u00f3rio ou atrav\u00e9s de parcerias, que compreendem os seguintes:<\/h3>\n<\/div>\n<div class=\"panel-body\">\n<div class=\"row\">\n<div class=\"col-md-4 text-center\">\n<h1>\u00a0<\/h1>\n<h4>Direito Internacional<\/h4>\n<ul>\n<li>Consultoria e assessoria com rela\u00e7\u00e3o \u00e0 Lei 13.445\/2017(Lei de Migra\u00e7\u00e3o) e Decreto 9.199\/2017(norma que regulamenta a lei de Migra\u00e7\u00e3o), igualdade de direitos civis e pol\u00edticos, realoca\u00e7\u00e3o familiar, sucess\u00e3o internacional, importa\u00e7\u00e3o, exporta\u00e7\u00e3o, registro de capital estrangeiro no Banco Central do Brasil(RDE-IED), repatriamento de capital, exequatur de cartas rogat\u00f3rias, contratos internacionais, retifica\u00e7\u00e3o de assentamentos de estrangeiros no Departamento de Pol\u00edcia Federal, transcri\u00e7\u00f5es de certid\u00f5es estrangeiras nos cart\u00f3rios do Estados e Distrito Federal, homologa\u00e7\u00e3o de senten\u00e7a estrangeira, Emigra\u00e7\u00e3o (brasileiros que desejam morar no exterior): vistos e cidadania para diversos pa\u00edses.<\/li>\n<\/ul>\n<\/div>\n<div class=\"col-md-4 text-center\">\n<h1>\u00a0<\/h1>\n<h4>C\u00edvel, Comercial, Fam\u00edlia e Sucess\u00f5es<\/h4>\n<ul>\n<li>Obriga\u00e7\u00f5es e contratos regidos pelas legisla\u00e7\u00f5es civil e mercantil. Direito das Coisas (p. ex: uso, posse e propriedade de bens m\u00f3veis e im\u00f3veis, p\u00fablicos e privados). Fal\u00eancias, concordatas, t\u00edtulos de cr\u00e9dito: execu\u00e7\u00f5es; cobran\u00e7a e resgate). Fus\u00f5es, cis\u00f5es, aquisi\u00e7\u00f5es. Sucess\u00f5es patrimoniais: heran\u00e7as; invent\u00e1rios; arrolamentos e partilhas de bens nacionais e estrangeiros. Direito de Fam\u00edlia: regimes de matrim\u00f4nio; div\u00f3rcios; separa\u00e7\u00f5es e mea\u00e7\u00f5es de bens. Tudo mais que envolva a pactua\u00e7\u00e3o de neg\u00f3cios entre particulares.<\/li>\n<\/ul>\n<\/div>\n<div class=\"col-md-4 text-center\">\n<h1>\u00a0<\/h1>\n<h4>Penal<\/h4>\n<ul>\n<li>Mormente quanto \u00e0 imputa\u00e7\u00e3o de il\u00edcitos e cometimento de crimes e \u00e0 respectiva apura\u00e7\u00e3o dos delitos pelas autoridades judiciais e administrativas e seus efeitos em rela\u00e7\u00e3o \u00e0 perman\u00eancia regular dos neg\u00f3cios estrangeiros em territ\u00f3rio nacional. Atrav\u00e9s de parcerias ou mesmo pelos membros do escrit\u00f3rio atuamos tamb\u00e9m nas defesas de investigados, indiciados e r\u00e9us em inqu\u00e9ritos e processos penais.<\/li>\n<\/ul>\n<\/div>\n<div class=\"col-md-4 text-center\">\n<h1>\u00a0<\/h1>\n<h4>Trabalhista<\/h4>\n<ul>\n<li>Assessoria e consultoria preventiva no sentido de evitar reclama\u00e7\u00f5es trabalhistas. Contesta\u00e7\u00f5es em a\u00e7\u00f5es trabalhistas e seus recursos. C\u00e1lculos de verbas e reclama\u00e7\u00f5es trabalhistas, recursos, execu\u00e7\u00e3o, sustenta\u00e7\u00e3o oral nos Tribunais Regionais do Trabalho, Tribunal Superior do Trabalho e Supremo Tribunal Federal, rescis\u00e3o do contrato de trabalho, Diss\u00eddios Coletivos (jur\u00eddico, econ\u00f4mico e de greve).<\/li>\n<\/ul>\n<\/div>\n<div class=\"col-md-4 text-center\">\n<h1>\u00a0<\/h1>\n<h4>Imobili\u00e1rio<\/h4>\n<ul>\n<li>Contratos de compra e venda, permutas, da\u00e7\u00e3o em pagamento, constitui\u00e7\u00e3o de hipotecas, loca\u00e7\u00f5es e forma\u00e7\u00e3o de joint ventures para atuar no segmento imobili\u00e1rio. Assessoria na estrutura\u00e7\u00e3o de opera\u00e7\u00f5es de securitiza\u00e7\u00e3o de receb\u00edveis imobili\u00e1rios, deb\u00eantures imobili\u00e1rios e fundos de investimentos imobili\u00e1rios. Assessoria na constitui\u00e7\u00e3o de shopping centers, hot\u00e9is, hospitais, parques tem\u00e1ticos, incorpora\u00e7\u00f5es imobili\u00e1rias, condom\u00ednios, loteamentos, cooperativas habitacionais e cons\u00f3rcios imobili\u00e1rios. Auditorias imobili\u00e1rias objetivando avaliar, sob o aspecto jur\u00eddico, o patrim\u00f4nio imobili\u00e1rio de sociedades. Emiss\u00e3o de estudos e pareceres sobre os mais diversos temas imobili\u00e1rios.<\/li>\n<\/ul>\n<\/div>\n<div class=\"col-md-4\">\u00a0<\/div>\n<\/div>\n<\/div>\n<\/div>\n\n\n<h3 class=\"wp-block-heading\"><\/h3>\n","protected":false},"excerpt":{"rendered":"<p>ASSESSORIA E CONSULTORIA ESPECIALIZADA Servi\u00e7os na \u00e1rea de direito internacional relacionados \u00e0 estrangeiros e brasileiros. Imigra\u00e7\u00e3o Com larga experi\u00eancia neste setor, tratamos de toda burocracia que envolve os pedidos e tr\u00e2mites de diversos tipos de resid\u00eancias e vistos e outros assuntos ligados aos estrangeiros no Brasil e brasileiros no exterior. A seguir vemos os principais [&hellip;]<\/p>\n","protected":false},"author":2,"featured_media":0,"parent":0,"menu_order":0,"comment_status":"closed","ping_status":"closed","template":"","meta":{"footnotes":""},"yoast_head":"<!-- This site is optimized with the Yoast SEO plugin v26.1 - https:\/\/yoast.com\/wordpress\/plugins\/seo\/ -->\r\n<title>Servi\u00e7os - Colares Advocacia<\/title>\r\n<meta name=\"robots\" content=\"index, follow, max-snippet:-1, max-image-preview:large, max-video-preview:-1\" \/>\r\n<link rel=\"canonical\" href=\"https:\/\/colaresadvocacia.com.br\/?page_id=25\" \/>\r\n<meta property=\"og:locale\" content=\"pt_BR\" \/>\r\n<meta property=\"og:type\" content=\"article\" \/>\r\n<meta property=\"og:title\" content=\"Servi\u00e7os - Colares Advocacia\" \/>\r\n<meta property=\"og:description\" content=\"ASSESSORIA E CONSULTORIA ESPECIALIZADA Servi\u00e7os na \u00e1rea de direito internacional relacionados \u00e0 estrangeiros e brasileiros. Imigra\u00e7\u00e3o Com larga experi\u00eancia neste setor, tratamos de toda burocracia que envolve os pedidos e tr\u00e2mites de diversos tipos de resid\u00eancias e vistos e outros assuntos ligados aos estrangeiros no Brasil e brasileiros no exterior. A seguir vemos os principais [&hellip;]\" \/>\r\n<meta property=\"og:url\" content=\"https:\/\/colaresadvocacia.com.br\/?page_id=25\" \/>\r\n<meta property=\"og:site_name\" content=\"Colares Advocacia\" \/>\r\n<meta property=\"article:modified_time\" content=\"2025-02-26T12:11:00+00:00\" \/>\r\n<meta name=\"twitter:card\" content=\"summary_large_image\" \/>\r\n<meta name=\"twitter:label1\" content=\"Est. tempo de leitura\" \/>\n\t<meta name=\"twitter:data1\" content=\"9 minutos\" \/>\r\n<script type=\"application\/ld+json\" class=\"yoast-schema-graph\">{\"@context\":\"https:\/\/schema.org\",\"@graph\":[{\"@type\":\"WebPage\",\"@id\":\"https:\/\/colaresadvocacia.com.br\/?page_id=25\",\"url\":\"https:\/\/colaresadvocacia.com.br\/?page_id=25\",\"name\":\"Servi\u00e7os - Colares Advocacia\",\"isPartOf\":{\"@id\":\"https:\/\/colaresadvocacia.com.br\/#website\"},\"datePublished\":\"2018-08-14T17:54:53+00:00\",\"dateModified\":\"2025-02-26T12:11:00+00:00\",\"breadcrumb\":{\"@id\":\"https:\/\/colaresadvocacia.com.br\/?page_id=25#breadcrumb\"},\"inLanguage\":\"pt-BR\",\"potentialAction\":[{\"@type\":\"ReadAction\",\"target\":[\"https:\/\/colaresadvocacia.com.br\/?page_id=25\"]}]},{\"@type\":\"BreadcrumbList\",\"@id\":\"https:\/\/colaresadvocacia.com.br\/?page_id=25#breadcrumb\",\"itemListElement\":[{\"@type\":\"ListItem\",\"position\":1,\"name\":\"Home\",\"item\":\"https:\/\/colaresadvocacia.com.br\/\"},{\"@type\":\"ListItem\",\"position\":2,\"name\":\"Servi\u00e7os\"}]},{\"@type\":\"WebSite\",\"@id\":\"https:\/\/colaresadvocacia.com.br\/#website\",\"url\":\"https:\/\/colaresadvocacia.com.br\/\",\"name\":\"Colares Advocacia\",\"description\":\"\",\"publisher\":{\"@id\":\"https:\/\/colaresadvocacia.com.br\/#organization\"},\"potentialAction\":[{\"@type\":\"SearchAction\",\"target\":{\"@type\":\"EntryPoint\",\"urlTemplate\":\"https:\/\/colaresadvocacia.com.br\/?s={search_term_string}\"},\"query-input\":{\"@type\":\"PropertyValueSpecification\",\"valueRequired\":true,\"valueName\":\"search_term_string\"}}],\"inLanguage\":\"pt-BR\"},{\"@type\":\"Organization\",\"@id\":\"https:\/\/colaresadvocacia.com.br\/#organization\",\"name\":\"Colares Advocacia\",\"url\":\"https:\/\/colaresadvocacia.com.br\/\",\"logo\":{\"@type\":\"ImageObject\",\"inLanguage\":\"pt-BR\",\"@id\":\"https:\/\/colaresadvocacia.com.br\/#\/schema\/logo\/image\/\",\"url\":\"https:\/\/colaresadvocacia.com.br\/wp-content\/uploads\/2023\/01\/Logomarca-1.png\",\"contentUrl\":\"https:\/\/colaresadvocacia.com.br\/wp-content\/uploads\/2023\/01\/Logomarca-1.png\",\"width\":1920,\"height\":1920,\"caption\":\"Colares Advocacia\"},\"image\":{\"@id\":\"https:\/\/colaresadvocacia.com.br\/#\/schema\/logo\/image\/\"}}]}<\/script>\r\n<!-- \/ Yoast SEO plugin. -->","yoast_head_json":{"title":"Servi\u00e7os - Colares Advocacia","robots":{"index":"index","follow":"follow","max-snippet":"max-snippet:-1","max-image-preview":"max-image-preview:large","max-video-preview":"max-video-preview:-1"},"canonical":"https:\/\/colaresadvocacia.com.br\/?page_id=25","og_locale":"pt_BR","og_type":"article","og_title":"Servi\u00e7os - Colares Advocacia","og_description":"ASSESSORIA E CONSULTORIA ESPECIALIZADA Servi\u00e7os na \u00e1rea de direito internacional relacionados \u00e0 estrangeiros e brasileiros. Imigra\u00e7\u00e3o Com larga experi\u00eancia neste setor, tratamos de toda burocracia que envolve os pedidos e tr\u00e2mites de diversos tipos de resid\u00eancias e vistos e outros assuntos ligados aos estrangeiros no Brasil e brasileiros no exterior. A seguir vemos os principais [&hellip;]","og_url":"https:\/\/colaresadvocacia.com.br\/?page_id=25","og_site_name":"Colares Advocacia","article_modified_time":"2025-02-26T12:11:00+00:00","twitter_card":"summary_large_image","twitter_misc":{"Est. tempo de leitura":"9 minutos"},"schema":{"@context":"https:\/\/schema.org","@graph":[{"@type":"WebPage","@id":"https:\/\/colaresadvocacia.com.br\/?page_id=25","url":"https:\/\/colaresadvocacia.com.br\/?page_id=25","name":"Servi\u00e7os - Colares Advocacia","isPartOf":{"@id":"https:\/\/colaresadvocacia.com.br\/#website"},"datePublished":"2018-08-14T17:54:53+00:00","dateModified":"2025-02-26T12:11:00+00:00","breadcrumb":{"@id":"https:\/\/colaresadvocacia.com.br\/?page_id=25#breadcrumb"},"inLanguage":"pt-BR","potentialAction":[{"@type":"ReadAction","target":["https:\/\/colaresadvocacia.com.br\/?page_id=25"]}]},{"@type":"BreadcrumbList","@id":"https:\/\/colaresadvocacia.com.br\/?page_id=25#breadcrumb","itemListElement":[{"@type":"ListItem","position":1,"name":"Home","item":"https:\/\/colaresadvocacia.com.br\/"},{"@type":"ListItem","position":2,"name":"Servi\u00e7os"}]},{"@type":"WebSite","@id":"https:\/\/colaresadvocacia.com.br\/#website","url":"https:\/\/colaresadvocacia.com.br\/","name":"Colares Advocacia","description":"","publisher":{"@id":"https:\/\/colaresadvocacia.com.br\/#organization"},"potentialAction":[{"@type":"SearchAction","target":{"@type":"EntryPoint","urlTemplate":"https:\/\/colaresadvocacia.com.br\/?s={search_term_string}"},"query-input":{"@type":"PropertyValueSpecification","valueRequired":true,"valueName":"search_term_string"}}],"inLanguage":"pt-BR"},{"@type":"Organization","@id":"https:\/\/colaresadvocacia.com.br\/#organization","name":"Colares Advocacia","url":"https:\/\/colaresadvocacia.com.br\/","logo":{"@type":"ImageObject","inLanguage":"pt-BR","@id":"https:\/\/colaresadvocacia.com.br\/#\/schema\/logo\/image\/","url":"https:\/\/colaresadvocacia.com.br\/wp-content\/uploads\/2023\/01\/Logomarca-1.png","contentUrl":"https:\/\/colaresadvocacia.com.br\/wp-content\/uploads\/2023\/01\/Logomarca-1.png","width":1920,"height":1920,"caption":"Colares Advocacia"},"image":{"@id":"https:\/\/colaresadvocacia.com.br\/#\/schema\/logo\/image\/"}}]}},"_links":{"self":[{"href":"https:\/\/colaresadvocacia.com.br\/index.php?rest_route=\/wp\/v2\/pages\/25"}],"collection":[{"href":"https:\/\/colaresadvocacia.com.br\/index.php?rest_route=\/wp\/v2\/pages"}],"about":[{"href":"https:\/\/colaresadvocacia.com.br\/index.php?rest_route=\/wp\/v2\/types\/page"}],"author":[{"embeddable":true,"href":"https:\/\/colaresadvocacia.com.br\/index.php?rest_route=\/wp\/v2\/users\/2"}],"replies":[{"embeddable":true,"href":"https:\/\/colaresadvocacia.com.br\/index.php?rest_route=%2Fwp%2Fv2%2Fcomments&post=25"}],"version-history":[{"count":4,"href":"https:\/\/colaresadvocacia.com.br\/index.php?rest_route=\/wp\/v2\/pages\/25\/revisions"}],"predecessor-version":[{"id":931,"href":"https:\/\/colaresadvocacia.com.br\/index.php?rest_route=\/wp\/v2\/pages\/25\/revisions\/931"}],"wp:attachment":[{"href":"https:\/\/colaresadvocacia.com.br\/index.php?rest_route=%2Fwp%2Fv2%2Fmedia&parent=25"}],"curies":[{"name":"wp","href":"https:\/\/api.w.org\/{rel}","templated":true}]}}