{"id":274,"date":"2018-10-21T19:00:48","date_gmt":"2018-10-21T19:00:48","guid":{"rendered":"https:\/\/colaresadvocacia.com.br\/?page_id=274"},"modified":"2023-11-15T23:16:56","modified_gmt":"2023-11-16T02:16:56","slug":"socios","status":"publish","type":"page","link":"https:\/\/colaresadvocacia.com.br\/?page_id=274&lang=es","title":{"rendered":"socios"},"content":{"rendered":"<p>socios<\/p>\n<p>Jessen y Bezerra &#8211;<br \/>\nDerecho Corporativo y Comercial<br \/>\n55 (85) 3262.5153 | 55 (85) 98817.9927<br \/>\nAv Washington Soares, 1400 &#8211; Ing. Luciano Cavalcante, Fortaleza -. CE<br \/>\nbrunojessen@terra.com.br<\/p>\n<p>Interglobal &#8211;<br \/>\nAdministrativo y Servicios de consulting<br \/>\n55 (85) 3032.0189 | 55 (85) 99988.1097<br \/>\nAvenida Monse\u00f1or Tabosa, no. 1059, Meireles, Fortaleza &#8211; CE<br \/>\nhuga@globalfortaleza.com.br<br \/>\nwww.interglobalimoveis.com<\/p>\n<p>Antonio pasi\u00f3n Juv\u00eancio Herculano &#8211; Experiencia en Contabilidad y Consultor\u00eda<br \/>\n55 (85) 08890,7506 | 55 (85) 3013.8781<br \/>\nhccherculanocontabilidade@gmail.com<\/p>\n<p>sala de Broker &#8211;<br \/>\nFormaci\u00f3n y Apoyo Consultivo LTDA<br \/>\n55 (85) 4042.0009<br \/>\nwww.saladocorretor.com<\/p>\n<p>Editar socio<\/p>\n","protected":false},"excerpt":{"rendered":"<p>socios Jessen y Bezerra &#8211; Derecho Corporativo y Comercial 55 (85) 3262.5153 | 55 (85) 98817.9927 Av Washington Soares, 1400 &#8211; Ing. Luciano Cavalcante, Fortaleza -. CE brunojessen@terra.com.br Interglobal &#8211; Administrativo y Servicios de consulting 55 (85) 3032.0189 | 55 (85) 99988.1097 Avenida Monse\u00f1or Tabosa, no. 1059, Meireles, Fortaleza &#8211; CE huga@globalfortaleza.com.br www.interglobalimoveis.com Antonio pasi\u00f3n [&hellip;]<\/p>\n","protected":false},"author":3,"featured_media":0,"parent":0,"menu_order":0,"comment_status":"closed","ping_status":"closed","template":"","meta":{"footnotes":""},"yoast_head":"<!-- This site is optimized with the Yoast SEO plugin v26.1 - https:\/\/yoast.com\/wordpress\/plugins\/seo\/ -->\r\n<title>socios - Colares Advocacia<\/title>\r\n<meta name=\"robots\" content=\"index, follow, max-snippet:-1, max-image-preview:large, max-video-preview:-1\" \/>\r\n<link rel=\"canonical\" href=\"https:\/\/colaresadvocacia.com.br\/?page_id=274&lang=es\" \/>\r\n<meta property=\"og:locale\" content=\"pt_BR\" \/>\r\n<meta property=\"og:type\" content=\"article\" \/>\r\n<meta property=\"og:title\" content=\"socios - Colares Advocacia\" \/>\r\n<meta property=\"og:description\" content=\"socios Jessen y Bezerra &#8211; Derecho Corporativo y Comercial 55 (85) 3262.5153 | 55 (85) 98817.9927 Av Washington Soares, 1400 &#8211; Ing. Luciano Cavalcante, Fortaleza -. CE brunojessen@terra.com.br Interglobal &#8211; Administrativo y Servicios de consulting 55 (85) 3032.0189 | 55 (85) 99988.1097 Avenida Monse\u00f1or Tabosa, no. 1059, Meireles, Fortaleza &#8211; CE huga@globalfortaleza.com.br www.interglobalimoveis.com Antonio pasi\u00f3n [&hellip;]\" \/>\r\n<meta property=\"og:url\" content=\"https:\/\/colaresadvocacia.com.br\/?page_id=274&amp;lang=es\" \/>\r\n<meta property=\"og:site_name\" content=\"Colares Advocacia\" \/>\r\n<meta property=\"article:modified_time\" content=\"2023-11-16T02:16:56+00:00\" \/>\r\n<meta name=\"twitter:card\" content=\"summary_large_image\" \/>\r\n<script type=\"application\/ld+json\" class=\"yoast-schema-graph\">{\"@context\":\"https:\/\/schema.org\",\"@graph\":[{\"@type\":\"WebPage\",\"@id\":\"https:\/\/colaresadvocacia.com.br\/?page_id=274&lang=es\",\"url\":\"https:\/\/colaresadvocacia.com.br\/?page_id=274&lang=es\",\"name\":\"socios - Colares Advocacia\",\"isPartOf\":{\"@id\":\"https:\/\/colaresadvocacia.com.br\/#website\"},\"datePublished\":\"2018-10-21T19:00:48+00:00\",\"dateModified\":\"2023-11-16T02:16:56+00:00\",\"breadcrumb\":{\"@id\":\"https:\/\/colaresadvocacia.com.br\/?page_id=274&lang=es#breadcrumb\"},\"inLanguage\":\"pt-BR\",\"potentialAction\":[{\"@type\":\"ReadAction\",\"target\":[\"https:\/\/colaresadvocacia.com.br\/?page_id=274&lang=es\"]}]},{\"@type\":\"BreadcrumbList\",\"@id\":\"https:\/\/colaresadvocacia.com.br\/?page_id=274&lang=es#breadcrumb\",\"itemListElement\":[{\"@type\":\"ListItem\",\"position\":1,\"name\":\"Home\",\"item\":\"https:\/\/colaresadvocacia.com.br\/\"},{\"@type\":\"ListItem\",\"position\":2,\"name\":\"socios\"}]},{\"@type\":\"WebSite\",\"@id\":\"https:\/\/colaresadvocacia.com.br\/#website\",\"url\":\"https:\/\/colaresadvocacia.com.br\/\",\"name\":\"Colares Advocacia\",\"description\":\"\",\"publisher\":{\"@id\":\"https:\/\/colaresadvocacia.com.br\/#organization\"},\"potentialAction\":[{\"@type\":\"SearchAction\",\"target\":{\"@type\":\"EntryPoint\",\"urlTemplate\":\"https:\/\/colaresadvocacia.com.br\/?s={search_term_string}\"},\"query-input\":{\"@type\":\"PropertyValueSpecification\",\"valueRequired\":true,\"valueName\":\"search_term_string\"}}],\"inLanguage\":\"pt-BR\"},{\"@type\":\"Organization\",\"@id\":\"https:\/\/colaresadvocacia.com.br\/#organization\",\"name\":\"Colares Advocacia\",\"url\":\"https:\/\/colaresadvocacia.com.br\/\",\"logo\":{\"@type\":\"ImageObject\",\"inLanguage\":\"pt-BR\",\"@id\":\"https:\/\/colaresadvocacia.com.br\/#\/schema\/logo\/image\/\",\"url\":\"https:\/\/colaresadvocacia.com.br\/wp-content\/uploads\/2023\/01\/Logomarca-1.png\",\"contentUrl\":\"https:\/\/colaresadvocacia.com.br\/wp-content\/uploads\/2023\/01\/Logomarca-1.png\",\"width\":1920,\"height\":1920,\"caption\":\"Colares Advocacia\"},\"image\":{\"@id\":\"https:\/\/colaresadvocacia.com.br\/#\/schema\/logo\/image\/\"}}]}<\/script>\r\n<!-- \/ Yoast SEO plugin. -->","yoast_head_json":{"title":"socios - Colares Advocacia","robots":{"index":"index","follow":"follow","max-snippet":"max-snippet:-1","max-image-preview":"max-image-preview:large","max-video-preview":"max-video-preview:-1"},"canonical":"https:\/\/colaresadvocacia.com.br\/?page_id=274&lang=es","og_locale":"pt_BR","og_type":"article","og_title":"socios - Colares Advocacia","og_description":"socios Jessen y Bezerra &#8211; Derecho Corporativo y Comercial 55 (85) 3262.5153 | 55 (85) 98817.9927 Av Washington Soares, 1400 &#8211; Ing. Luciano Cavalcante, Fortaleza -. CE brunojessen@terra.com.br Interglobal &#8211; Administrativo y Servicios de consulting 55 (85) 3032.0189 | 55 (85) 99988.1097 Avenida Monse\u00f1or Tabosa, no. 1059, Meireles, Fortaleza &#8211; CE huga@globalfortaleza.com.br www.interglobalimoveis.com Antonio pasi\u00f3n [&hellip;]","og_url":"https:\/\/colaresadvocacia.com.br\/?page_id=274&lang=es","og_site_name":"Colares Advocacia","article_modified_time":"2023-11-16T02:16:56+00:00","twitter_card":"summary_large_image","schema":{"@context":"https:\/\/schema.org","@graph":[{"@type":"WebPage","@id":"https:\/\/colaresadvocacia.com.br\/?page_id=274&lang=es","url":"https:\/\/colaresadvocacia.com.br\/?page_id=274&lang=es","name":"socios - Colares Advocacia","isPartOf":{"@id":"https:\/\/colaresadvocacia.com.br\/#website"},"datePublished":"2018-10-21T19:00:48+00:00","dateModified":"2023-11-16T02:16:56+00:00","breadcrumb":{"@id":"https:\/\/colaresadvocacia.com.br\/?page_id=274&lang=es#breadcrumb"},"inLanguage":"pt-BR","potentialAction":[{"@type":"ReadAction","target":["https:\/\/colaresadvocacia.com.br\/?page_id=274&lang=es"]}]},{"@type":"BreadcrumbList","@id":"https:\/\/colaresadvocacia.com.br\/?page_id=274&lang=es#breadcrumb","itemListElement":[{"@type":"ListItem","position":1,"name":"Home","item":"https:\/\/colaresadvocacia.com.br\/"},{"@type":"ListItem","position":2,"name":"socios"}]},{"@type":"WebSite","@id":"https:\/\/colaresadvocacia.com.br\/#website","url":"https:\/\/colaresadvocacia.com.br\/","name":"Colares Advocacia","description":"","publisher":{"@id":"https:\/\/colaresadvocacia.com.br\/#organization"},"potentialAction":[{"@type":"SearchAction","target":{"@type":"EntryPoint","urlTemplate":"https:\/\/colaresadvocacia.com.br\/?s={search_term_string}"},"query-input":{"@type":"PropertyValueSpecification","valueRequired":true,"valueName":"search_term_string"}}],"inLanguage":"pt-BR"},{"@type":"Organization","@id":"https:\/\/colaresadvocacia.com.br\/#organization","name":"Colares Advocacia","url":"https:\/\/colaresadvocacia.com.br\/","logo":{"@type":"ImageObject","inLanguage":"pt-BR","@id":"https:\/\/colaresadvocacia.com.br\/#\/schema\/logo\/image\/","url":"https:\/\/colaresadvocacia.com.br\/wp-content\/uploads\/2023\/01\/Logomarca-1.png","contentUrl":"https:\/\/colaresadvocacia.com.br\/wp-content\/uploads\/2023\/01\/Logomarca-1.png","width":1920,"height":1920,"caption":"Colares Advocacia"},"image":{"@id":"https:\/\/colaresadvocacia.com.br\/#\/schema\/logo\/image\/"}}]}},"_links":{"self":[{"href":"https:\/\/colaresadvocacia.com.br\/index.php?rest_route=\/wp\/v2\/pages\/274"}],"collection":[{"href":"https:\/\/colaresadvocacia.com.br\/index.php?rest_route=\/wp\/v2\/pages"}],"about":[{"href":"https:\/\/colaresadvocacia.com.br\/index.php?rest_route=\/wp\/v2\/types\/page"}],"author":[{"embeddable":true,"href":"https:\/\/colaresadvocacia.com.br\/index.php?rest_route=\/wp\/v2\/users\/3"}],"replies":[{"embeddable":true,"href":"https:\/\/colaresadvocacia.com.br\/index.php?rest_route=%2Fwp%2Fv2%2Fcomments&post=274"}],"version-history":[{"count":1,"href":"https:\/\/colaresadvocacia.com.br\/index.php?rest_route=\/wp\/v2\/pages\/274\/revisions"}],"predecessor-version":[{"id":825,"href":"https:\/\/colaresadvocacia.com.br\/index.php?rest_route=\/wp\/v2\/pages\/274\/revisions\/825"}],"wp:attachment":[{"href":"https:\/\/colaresadvocacia.com.br\/index.php?rest_route=%2Fwp%2Fv2%2Fmedia&parent=274"}],"curies":[{"name":"wp","href":"https:\/\/api.w.org\/{rel}","templated":true}]}}