{"id":278,"date":"2018-10-21T19:04:24","date_gmt":"2018-10-21T19:04:24","guid":{"rendered":"https:\/\/colaresadvocacia.com.br\/?page_id=278"},"modified":"2023-11-15T21:42:43","modified_gmt":"2023-11-16T00:42:43","slug":"mantenimiento","status":"publish","type":"page","link":"https:\/\/colaresadvocacia.com.br\/?page_id=278&lang=es","title":{"rendered":"Mantenimiento"},"content":{"rendered":"<p>Inmigraci\u00f3n<br \/>\nCon una amplia experiencia en esta industria, nos ocupamos de toda la burocracia que implica solicitudes y procedimientos de los distintos tipos de residencias y visas y otras cuestiones relacionadas con los extranjeros en Brasil. Aqu\u00ed vemos los principales servicios:<\/p>\n<ul>\n<li>Residencia para professionales\u00a0 en trabajo remoto &#8211; Nomad Digital;<\/li>\n<li>permiso de residencia para el cuidado de la salud;<\/li>\n<li>renovaci\u00f3n del plazo de residencia de los inmigrantes en el cuidado de la salud;<\/li>\n<li>permiso de residencia por motivos de estudio;<\/li>\n<li>renovaci\u00f3n del plazo de residencia del alumno inmigrante;<\/li>\n<li>permiso de residencia de vacaciones-trabajo;<\/li>\n<li>permiso de residencia sobre la base de la reunificaci\u00f3n familiar (padres, hijos, nietos, abuelos, padrastros, hijastros, madrastras, curatelas, tutorizados, hermanos);<\/li>\n<li>renovaci\u00f3n de la situaci\u00f3n de la reagrupaci\u00f3n familiar de inmigrantes t\u00e9rmino residencia;<\/li>\n<li>el cambio de la residencia de la familia plazo, temporal a indefinido;<\/li>\n<li>permiso de residencia sobre la base de un acuerdo o tratado Habitaci\u00f3n;<\/li>\n<li>renovaci\u00f3n del per\u00edodo de residencia de los inmigrantes residentes en la base de un acuerdo o tratado;<\/li>\n<li>cambio de residencia de la \u00e9poca sobre la base de un acuerdo o tratado, temporal a indefinido;<br \/>\ninmigrante registro de permiso de residencia que se hab\u00eda reconocido la condici\u00f3n de refugiado por CONARE (Comit\u00e9 Nacional para los Refugiados);<\/li>\n<li>residencia de inmigrantes registro de permiso que hab\u00eda concedido asilo pol\u00edtico por parte del gobierno brasile\u00f1o;<\/li>\n<li>Registro de permiso de residencia de inmigrantes hab\u00eda reconocido su estado sin estado;<\/li>\n<li>Permiso de residencia del inmigrante que se encuentra en libertad bajo fianza o servir la pena;<\/li>\n<li>renovaci\u00f3n del tiempo de residencia de inmigrantes que se encuentra en libertad bajo fianza o servir la pena;<\/li>\n<li>permiso de residencia de inmigrantes regularizados previamente sobre la base de la reunificaci\u00f3n familiar;<\/li>\n<li>Reemplazo de la Tarjeta de Registro Nacional de Migraci\u00f3n (ex RNE &#8211; Registro Nacional de Extranjeros) residente por tiempo indefinido en el curso de la debida a la fecha de caducidad del documento;<\/li>\n<li>residencias para los inversores extranjeros que invierten en empresas nacionales;<\/li>\n<li>residencias para los administradores, ejecutivos, gerentes o directores con poderes de gesti\u00f3n, para representar sociedad civil o comercial, grupo o conglomerado econ\u00f3mico;<\/li>\n<li>visas y residencias para jubilados;<\/li>\n<li>visados \u200b\u200by permisos de residencia temporales para la pr\u00e1ctica de actividades religiosas;<\/li>\n<li>visados \u200b\u200by permisos de residencia para trabajo voluntario con la entidad de organizaci\u00f3n sin \u00e1nimo de lucro, p\u00fablica o privada o vinculados al gobierno extranjero;<\/li>\n<li>visados \u200b\u200by permisos de residencia para llevar a cabo actividades como corresponsal de peri\u00f3dicos, revistas, radio, televisi\u00f3n y la agencia de noticias;<\/li>\n<li>turismo y negocios visto;<\/li>\n<li>residencias temporales para extranjeros como un artista o deportista bajo contrato por un per\u00edodo determinado sin relaci\u00f3n laboral con la persona o entidad legal con sede en Brasil;<\/li>\n<li>residencias de trabajo sin el empleo en Brasil para la transferencia de tecnolog\u00eda;<\/li>\n<li>residencias de trabajo sin empleo en Brasil por la gente de mar a bordo de buques de crucero a lo largo de la costa brasile\u00f1a;<\/li>\n<li>residencias de trabajo sin el empleo en Brasil para los marinos a embarcaci\u00f3n de bandera extranjera o plataforma;<\/li>\n<li>residencias de trabajo sin el empleo en Brasil para el servicio o asistencia t\u00e9cnica al gobierno de Brasil;<\/li>\n<li>residencias de trabajo sin empleo en Brasil bajo un acuerdo de cooperaci\u00f3n internacional;<\/li>\n<li>residencias para el trabajo sin el empleo en Brasil para representar al pa\u00eds, instituci\u00f3n financiera o instituci\u00f3n similar basada en el extranjero;<\/li>\n<li>residencias de trabajo sin el empleo en Brasil para representar a la empresa privada no lucrativa;<\/li>\n<li>residencias para despu\u00e9s del ejercicio, funci\u00f3n o tarea sin empleo en Brasil, por un per\u00edodo indefinido, debido a la legislaci\u00f3n federal espec\u00edfica requiere residencia en Brasil;<\/li>\n<li>residencias sin el empleo de mano de obra inmigrante en Brasil ligado al grupo econ\u00f3mico cuya sede se encuentra en Brasil, con miras a la formaci\u00f3n y asimilaci\u00f3n de la cultura corporativa de la metodolog\u00eda de gesti\u00f3n de la empresa de que se trate;<\/li>\n<li>residencias para el trabajo sin el empleo en Brasil para recibir la formaci\u00f3n profesional por la filial, sucursal o matriz brasile\u00f1a;<\/li>\n<li>visa temporal y permiso de residencia para la investigaci\u00f3n, la ense\u00f1anza o cient\u00edfico extensi\u00f3n acad\u00e9mica, investigadora, docente, profesional en el extranjero que tengan la intenci\u00f3n de venir al pa\u00eds, con un per\u00edodo de permanencia de los noventa (90) d\u00edas;<\/li>\n<li>residencia por motivos de trabajo con empleo en Brasil, estado de atleta profesional, que se define por la ley;<\/li>\n<li>residencias de trabajo sin empleo en Brasil por la gente de mar a bordo de buques extranjeros que pescan arrendados por una empresa brasile\u00f1a;<\/li>\n<li>residencia para la realizaci\u00f3n de la investigaci\u00f3n, la ense\u00f1anza o la extensi\u00f3n acad\u00e9mica para unir el pa\u00eds;<\/li>\n<li>visa temporal y la residencia de los inmigrantes mayores de catorce a\u00f1os y menores de dieciocho a\u00f1os para llevar a cabo actividades deportivas;<\/li>\n<li>residencia y trabajo para llevar a cabo la formaci\u00f3n profesional o el intercambio profesional;<br \/>\nresidencias en casos especiales relacionados con el trabajo;<br \/>\nnaturalizaciones;<\/li>\n<li>Renovaciones de plazos o cambios a indeterminadas residencias otorgados en Brasil o en el exterior de la competencia del Ministerio de Trabajo o el Ministerio de Justicia;<\/li>\n<li>Extensiones de permanecer tur\u00edstica tiempo y temporal;<br \/>\ndefensas administrativas debido a liquidaciones de impuestos emitidos por el Departamento de Polic\u00eda Federal;<\/li>\n<li>restauraci\u00f3n de la estancia y otras visas y residencias;<br \/>\namnist\u00eda; y<\/li>\n<li>la supervisi\u00f3n del rendimiento de los procesos de retiros obligatorios como la extradici\u00f3n, expulsi\u00f3n y expulsi\u00f3n de extranjeros.<\/li>\n<\/ul>\n<p>Otros Ramos Pr\u00e1ctica<br \/>\nTeniendo en cuenta la necesidad urgente de proporcionar seguridad, certeza y estabilidad a los empresarios que invierten en Brasil, d\u00e1ndoles el desarrollo es que la oficina DEFENSA colares para proporcionar asesoramiento jur\u00eddico, con amplia experiencia en litigios y consultor\u00eda profesionales de operaciones en el Estado de Cear\u00e1, ofrece sus servicios:<\/p>\n<p>Consultor\u00eda especializada t\u00e9cnica, verbal o escrita, de sus abogados en la materia o asunto espec\u00edfico, aprior\u00edsitica o en curso;<\/p>\n<p>Actuando en el nivel administrativo nacional, estatal o local, incluso con respecto a los procesos administrativos, y;<\/p>\n<p>litigios de defensa de los intereses de sus clientes y el cumplimiento de todos los actos jur\u00eddicos que sean necesarios en el curso de las controversias.<br \/>\nPara el mejor desarrollo de sus funciones, los profesionales que trabajan en INCIDENCIA COLARES sectores legales espec\u00edficos en la oficina o por medio de asociaciones, que incluyen lo siguiente:<\/p>\n<p>Derecho internacional<br \/>\nConsultor\u00eda y asesoramiento con respecto a la Ley 13.445 \/ 2017 (Ley de Migraci\u00f3n) y el Decreto 9.199 \/ 2017 (norma que regula la Ley de Migraci\u00f3n), la igualdad de derechos civiles y pol\u00edticos, la reubicaci\u00f3n de la familia, la sucesi\u00f3n internacional, importaci\u00f3n, exportaci\u00f3n, registro de capital extranjero en el Banco central de Brasil (RDE-IED), la repatriaci\u00f3n de capitales, la ejecuci\u00f3n de las comisiones rogatorias, contratos internacionales, la rectificaci\u00f3n de los asentamientos extranjeros en el Departamento de Polic\u00eda Federal, certificados transcripciones extranjeras en las oficinas de registro de los estados y del Distrito Federal, el juicio de la aprobaci\u00f3n extranjero, la emigraci\u00f3n de brasile\u00f1os a otros pa\u00edses: visa &amp; ciudadan\u00eda para diferentes pa\u00edses.<\/p>\n<p>Civil, Comercial, Familia y Sucesiones<br \/>\nObligaciones y contratos que se rigen por el derecho civil y comercial. Derecho de propiedad (por ejemplo. El uso, la posesi\u00f3n y la propiedad de bienes muebles e inmuebles, p\u00fablicos y privados). Quiebra, liquidaci\u00f3n de valores: las ejecuciones; recogida y la redenci\u00f3n). Fusiones, adquisiciones. herencia patrimonial: herencia; inventarios; acciones de la lista o bienes nacionales y extranjeros. Derecho de Familia: esquemas de matrimonio; divorcio; separaciones y restos mercanc\u00edas. Todo lo dem\u00e1s que implica el pacto comercial entre los individuos.<\/p>\n<p>penal<br \/>\nParticularmente con respecto a la asignaci\u00f3n de los cr\u00edmenes ilegales y cometer y su investigaci\u00f3n del crimen por las autoridades judiciales y administrativas y sus efectos en relaci\u00f3n con la estancia legal de los asuntos exteriores en el pa\u00eds. A trav\u00e9s de asociaciones o incluso los miembros de la oficina tambi\u00e9n operan en las defensas investigados, procesados \u200b\u200by acusados \u200b\u200ben las investigaciones y procedimientos penales.<\/p>\n<p>laboral<br \/>\nAsesoramiento y consejos de prevenci\u00f3n para evitar demandas laborales. Desaf\u00edos para la mano de obra y recursos. Los c\u00e1lculos de dinero y mano de obra reclamos, recursos, ejecuci\u00f3n, argumentos orales en las Cortes regionales de trabajo, Tribunal Supremo y Tribunal Supremo, la terminaci\u00f3n de contrato de trabajo, negociaci\u00f3n colectiva (jur\u00eddico, econ\u00f3mico y de ejercicio).<\/p>\n<p>bienes ra\u00edces<br \/>\nContratos de compraventa, permuta, daci\u00f3n en pago, constituci\u00f3n de hipotecas, alquileres y empresas mixtas para operar en el segmento de bienes ra\u00edces. Asesoramiento en la estructuraci\u00f3n de operaciones de bursatilizaci\u00f3n de cuentas por cobrar de bienes ra\u00edces, obligaciones de bienes ra\u00edces y fondos de inversi\u00f3n inmobiliaria. Asistencia en la creaci\u00f3n de centros comerciales, hoteles, hospitales, parques tem\u00e1ticos, desarrollos inmobiliarios, condominios, subdivisiones, cooperativas de vivienda y consorcios inmobiliarios. auditor\u00edas de bienes ra\u00edces para evaluar, desde el aspecto legal, los activos inmobiliarios de las empresas. Emisi\u00f3n de estudios y opiniones sobre las diversas cuestiones de bienes ra\u00edces.<\/p>\n<p>editar Servicios<\/p>\n","protected":false},"excerpt":{"rendered":"<p>Inmigraci\u00f3n Con una amplia experiencia en esta industria, nos ocupamos de toda la burocracia que implica solicitudes y procedimientos de los distintos tipos de residencias y visas y otras cuestiones relacionadas con los extranjeros en Brasil. Aqu\u00ed vemos los principales servicios: Residencia para professionales\u00a0 en trabajo remoto &#8211; Nomad Digital; permiso de residencia para el [&hellip;]<\/p>\n","protected":false},"author":3,"featured_media":0,"parent":0,"menu_order":0,"comment_status":"closed","ping_status":"closed","template":"","meta":{"footnotes":""},"yoast_head":"<!-- This site is optimized with the Yoast SEO plugin v26.1 - https:\/\/yoast.com\/wordpress\/plugins\/seo\/ -->\r\n<title>Mantenimiento - Colares Advocacia<\/title>\r\n<meta name=\"robots\" content=\"index, follow, max-snippet:-1, max-image-preview:large, max-video-preview:-1\" \/>\r\n<link rel=\"canonical\" href=\"https:\/\/colaresadvocacia.com.br\/?page_id=278&lang=es\" \/>\r\n<meta property=\"og:locale\" content=\"pt_BR\" \/>\r\n<meta property=\"og:type\" content=\"article\" \/>\r\n<meta property=\"og:title\" content=\"Mantenimiento - Colares Advocacia\" \/>\r\n<meta property=\"og:description\" content=\"Inmigraci\u00f3n Con una amplia experiencia en esta industria, nos ocupamos de toda la burocracia que implica solicitudes y procedimientos de los distintos tipos de residencias y visas y otras cuestiones relacionadas con los extranjeros en Brasil. Aqu\u00ed vemos los principales servicios: Residencia para professionales\u00a0 en trabajo remoto &#8211; Nomad Digital; permiso de residencia para el [&hellip;]\" \/>\r\n<meta property=\"og:url\" content=\"https:\/\/colaresadvocacia.com.br\/?page_id=278&amp;lang=es\" \/>\r\n<meta property=\"og:site_name\" content=\"Colares Advocacia\" \/>\r\n<meta property=\"article:modified_time\" content=\"2023-11-16T00:42:43+00:00\" \/>\r\n<meta name=\"twitter:card\" content=\"summary_large_image\" \/>\r\n<meta name=\"twitter:label1\" content=\"Est. tempo de leitura\" \/>\n\t<meta name=\"twitter:data1\" content=\"8 minutos\" \/>\r\n<script type=\"application\/ld+json\" class=\"yoast-schema-graph\">{\"@context\":\"https:\/\/schema.org\",\"@graph\":[{\"@type\":\"WebPage\",\"@id\":\"https:\/\/colaresadvocacia.com.br\/?page_id=278&lang=es\",\"url\":\"https:\/\/colaresadvocacia.com.br\/?page_id=278&lang=es\",\"name\":\"Mantenimiento - Colares Advocacia\",\"isPartOf\":{\"@id\":\"https:\/\/colaresadvocacia.com.br\/#website\"},\"datePublished\":\"2018-10-21T19:04:24+00:00\",\"dateModified\":\"2023-11-16T00:42:43+00:00\",\"breadcrumb\":{\"@id\":\"https:\/\/colaresadvocacia.com.br\/?page_id=278&lang=es#breadcrumb\"},\"inLanguage\":\"pt-BR\",\"potentialAction\":[{\"@type\":\"ReadAction\",\"target\":[\"https:\/\/colaresadvocacia.com.br\/?page_id=278&lang=es\"]}]},{\"@type\":\"BreadcrumbList\",\"@id\":\"https:\/\/colaresadvocacia.com.br\/?page_id=278&lang=es#breadcrumb\",\"itemListElement\":[{\"@type\":\"ListItem\",\"position\":1,\"name\":\"Home\",\"item\":\"https:\/\/colaresadvocacia.com.br\/\"},{\"@type\":\"ListItem\",\"position\":2,\"name\":\"Mantenimiento\"}]},{\"@type\":\"WebSite\",\"@id\":\"https:\/\/colaresadvocacia.com.br\/#website\",\"url\":\"https:\/\/colaresadvocacia.com.br\/\",\"name\":\"Colares Advocacia\",\"description\":\"\",\"publisher\":{\"@id\":\"https:\/\/colaresadvocacia.com.br\/#organization\"},\"potentialAction\":[{\"@type\":\"SearchAction\",\"target\":{\"@type\":\"EntryPoint\",\"urlTemplate\":\"https:\/\/colaresadvocacia.com.br\/?s={search_term_string}\"},\"query-input\":{\"@type\":\"PropertyValueSpecification\",\"valueRequired\":true,\"valueName\":\"search_term_string\"}}],\"inLanguage\":\"pt-BR\"},{\"@type\":\"Organization\",\"@id\":\"https:\/\/colaresadvocacia.com.br\/#organization\",\"name\":\"Colares Advocacia\",\"url\":\"https:\/\/colaresadvocacia.com.br\/\",\"logo\":{\"@type\":\"ImageObject\",\"inLanguage\":\"pt-BR\",\"@id\":\"https:\/\/colaresadvocacia.com.br\/#\/schema\/logo\/image\/\",\"url\":\"https:\/\/colaresadvocacia.com.br\/wp-content\/uploads\/2023\/01\/Logomarca-1.png\",\"contentUrl\":\"https:\/\/colaresadvocacia.com.br\/wp-content\/uploads\/2023\/01\/Logomarca-1.png\",\"width\":1920,\"height\":1920,\"caption\":\"Colares Advocacia\"},\"image\":{\"@id\":\"https:\/\/colaresadvocacia.com.br\/#\/schema\/logo\/image\/\"}}]}<\/script>\r\n<!-- \/ Yoast SEO plugin. -->","yoast_head_json":{"title":"Mantenimiento - Colares Advocacia","robots":{"index":"index","follow":"follow","max-snippet":"max-snippet:-1","max-image-preview":"max-image-preview:large","max-video-preview":"max-video-preview:-1"},"canonical":"https:\/\/colaresadvocacia.com.br\/?page_id=278&lang=es","og_locale":"pt_BR","og_type":"article","og_title":"Mantenimiento - Colares Advocacia","og_description":"Inmigraci\u00f3n Con una amplia experiencia en esta industria, nos ocupamos de toda la burocracia que implica solicitudes y procedimientos de los distintos tipos de residencias y visas y otras cuestiones relacionadas con los extranjeros en Brasil. Aqu\u00ed vemos los principales servicios: Residencia para professionales\u00a0 en trabajo remoto &#8211; Nomad Digital; permiso de residencia para el [&hellip;]","og_url":"https:\/\/colaresadvocacia.com.br\/?page_id=278&lang=es","og_site_name":"Colares Advocacia","article_modified_time":"2023-11-16T00:42:43+00:00","twitter_card":"summary_large_image","twitter_misc":{"Est. tempo de leitura":"8 minutos"},"schema":{"@context":"https:\/\/schema.org","@graph":[{"@type":"WebPage","@id":"https:\/\/colaresadvocacia.com.br\/?page_id=278&lang=es","url":"https:\/\/colaresadvocacia.com.br\/?page_id=278&lang=es","name":"Mantenimiento - Colares Advocacia","isPartOf":{"@id":"https:\/\/colaresadvocacia.com.br\/#website"},"datePublished":"2018-10-21T19:04:24+00:00","dateModified":"2023-11-16T00:42:43+00:00","breadcrumb":{"@id":"https:\/\/colaresadvocacia.com.br\/?page_id=278&lang=es#breadcrumb"},"inLanguage":"pt-BR","potentialAction":[{"@type":"ReadAction","target":["https:\/\/colaresadvocacia.com.br\/?page_id=278&lang=es"]}]},{"@type":"BreadcrumbList","@id":"https:\/\/colaresadvocacia.com.br\/?page_id=278&lang=es#breadcrumb","itemListElement":[{"@type":"ListItem","position":1,"name":"Home","item":"https:\/\/colaresadvocacia.com.br\/"},{"@type":"ListItem","position":2,"name":"Mantenimiento"}]},{"@type":"WebSite","@id":"https:\/\/colaresadvocacia.com.br\/#website","url":"https:\/\/colaresadvocacia.com.br\/","name":"Colares Advocacia","description":"","publisher":{"@id":"https:\/\/colaresadvocacia.com.br\/#organization"},"potentialAction":[{"@type":"SearchAction","target":{"@type":"EntryPoint","urlTemplate":"https:\/\/colaresadvocacia.com.br\/?s={search_term_string}"},"query-input":{"@type":"PropertyValueSpecification","valueRequired":true,"valueName":"search_term_string"}}],"inLanguage":"pt-BR"},{"@type":"Organization","@id":"https:\/\/colaresadvocacia.com.br\/#organization","name":"Colares Advocacia","url":"https:\/\/colaresadvocacia.com.br\/","logo":{"@type":"ImageObject","inLanguage":"pt-BR","@id":"https:\/\/colaresadvocacia.com.br\/#\/schema\/logo\/image\/","url":"https:\/\/colaresadvocacia.com.br\/wp-content\/uploads\/2023\/01\/Logomarca-1.png","contentUrl":"https:\/\/colaresadvocacia.com.br\/wp-content\/uploads\/2023\/01\/Logomarca-1.png","width":1920,"height":1920,"caption":"Colares Advocacia"},"image":{"@id":"https:\/\/colaresadvocacia.com.br\/#\/schema\/logo\/image\/"}}]}},"_links":{"self":[{"href":"https:\/\/colaresadvocacia.com.br\/index.php?rest_route=\/wp\/v2\/pages\/278"}],"collection":[{"href":"https:\/\/colaresadvocacia.com.br\/index.php?rest_route=\/wp\/v2\/pages"}],"about":[{"href":"https:\/\/colaresadvocacia.com.br\/index.php?rest_route=\/wp\/v2\/types\/page"}],"author":[{"embeddable":true,"href":"https:\/\/colaresadvocacia.com.br\/index.php?rest_route=\/wp\/v2\/users\/3"}],"replies":[{"embeddable":true,"href":"https:\/\/colaresadvocacia.com.br\/index.php?rest_route=%2Fwp%2Fv2%2Fcomments&post=278"}],"version-history":[{"count":1,"href":"https:\/\/colaresadvocacia.com.br\/index.php?rest_route=\/wp\/v2\/pages\/278\/revisions"}],"predecessor-version":[{"id":769,"href":"https:\/\/colaresadvocacia.com.br\/index.php?rest_route=\/wp\/v2\/pages\/278\/revisions\/769"}],"wp:attachment":[{"href":"https:\/\/colaresadvocacia.com.br\/index.php?rest_route=%2Fwp%2Fv2%2Fmedia&parent=278"}],"curies":[{"name":"wp","href":"https:\/\/api.w.org\/{rel}","templated":true}]}}