{"id":35,"date":"2018-08-14T18:02:54","date_gmt":"2018-08-14T18:02:54","guid":{"rendered":"https:\/\/colaresadvocacia.com.br\/?page_id=35"},"modified":"2025-02-20T22:31:04","modified_gmt":"2025-02-21T01:31:04","slug":"parceiros","status":"publish","type":"page","link":"https:\/\/colaresadvocacia.com.br\/?page_id=35","title":{"rendered":"Parceiros"},"content":{"rendered":"<div class=\"row\">\n<div class=\"col-md-1\"><\/div>\n<div class=\"col-md-10\">\n<p><strong>Interglobal<\/strong> &#8211;<br \/>\nServi\u00e7os Administrativos e Consultoria<br \/>\n+55 (85) 3032.0189 | +55 (85) 99988.1097<br \/>\nAvenida Monsenhor Tabosa, n\u00ba. 1059, Meireles, Fortaleza \u2013 CE<br \/>\n<i class=\"fa fa-mail\"><\/i><a href=\"mailto:huga@globalfortaleza.com.br\">huga@globalfortaleza.com.br<\/a><br \/>\n<i class=\"fa fa-world\"><\/i><a href=\"www.interglobalimoveis.com\">www.interglobalimoveis.com<\/a><\/p>\n<hr \/>\n<p><strong>Ant\u00f4nio Paix\u00e3o<\/strong> Juv\u00eancio Herculano &#8211; Expertise em Contabilidade e Consultoria<br \/>\n+55 (85) 98890.7506 | +55 (85) 3013.8781<br \/>\n<i class=\"fa fa-mail\"><\/i><a href=\"mailto:hccherculanocontabilidade@gmail.com\">hccherculanocontabilidade@gmail.com<\/a><\/p>\n<hr \/>\n<p><strong>Sala do Corretor<\/strong> &#8211;<br \/>\nTreinamento &amp; Apoio Administrativo LTDA<br \/>\n+55 (85) 4042.0009<br \/>\n<i class=\"fa fa-world\"><\/i><a href=\"http:\/\/www.saladocorretor.com\" target=\"_blank\" rel=\"noopener\">www.saladocorretor.com<\/a><\/p>\n<\/div>\n<div class=\"col-md-1\"><\/div>\n<\/div>\n","protected":false},"excerpt":{"rendered":"<p>Interglobal &#8211; Servi\u00e7os Administrativos e Consultoria +55 (85) 3032.0189 | +55 (85) 99988.1097 Avenida Monsenhor Tabosa, n\u00ba. 1059, Meireles, Fortaleza \u2013 CE huga@globalfortaleza.com.br www.interglobalimoveis.com Ant\u00f4nio Paix\u00e3o Juv\u00eancio Herculano &#8211; Expertise em Contabilidade e Consultoria +55 (85) 98890.7506 | +55 (85) 3013.8781 hccherculanocontabilidade@gmail.com Sala do Corretor &#8211; Treinamento &amp; Apoio Administrativo LTDA +55 (85) 4042.0009 www.saladocorretor.com<\/p>\n","protected":false},"author":2,"featured_media":0,"parent":0,"menu_order":0,"comment_status":"closed","ping_status":"closed","template":"","meta":{"footnotes":""},"yoast_head":"<!-- This site is optimized with the Yoast SEO plugin v26.1 - https:\/\/yoast.com\/wordpress\/plugins\/seo\/ -->\r\n<title>Parceiros - Colares Advocacia<\/title>\r\n<meta name=\"robots\" content=\"index, follow, max-snippet:-1, max-image-preview:large, max-video-preview:-1\" \/>\r\n<link rel=\"canonical\" href=\"https:\/\/colaresadvocacia.com.br\/?page_id=35\" \/>\r\n<meta property=\"og:locale\" content=\"pt_BR\" \/>\r\n<meta property=\"og:type\" content=\"article\" \/>\r\n<meta property=\"og:title\" content=\"Parceiros - Colares Advocacia\" \/>\r\n<meta property=\"og:description\" content=\"Interglobal &#8211; Servi\u00e7os Administrativos e Consultoria +55 (85) 3032.0189 | +55 (85) 99988.1097 Avenida Monsenhor Tabosa, n\u00ba. 1059, Meireles, Fortaleza \u2013 CE huga@globalfortaleza.com.br www.interglobalimoveis.com Ant\u00f4nio Paix\u00e3o Juv\u00eancio Herculano &#8211; Expertise em Contabilidade e Consultoria +55 (85) 98890.7506 | +55 (85) 3013.8781 hccherculanocontabilidade@gmail.com Sala do Corretor &#8211; Treinamento &amp; Apoio Administrativo LTDA +55 (85) 4042.0009 www.saladocorretor.com\" \/>\r\n<meta property=\"og:url\" content=\"https:\/\/colaresadvocacia.com.br\/?page_id=35\" \/>\r\n<meta property=\"og:site_name\" content=\"Colares Advocacia\" \/>\r\n<meta property=\"article:modified_time\" content=\"2025-02-21T01:31:04+00:00\" \/>\r\n<meta name=\"twitter:card\" content=\"summary_large_image\" \/>\r\n<meta name=\"twitter:label1\" content=\"Est. tempo de leitura\" \/>\n\t<meta name=\"twitter:data1\" content=\"1 minuto\" \/>\r\n<script type=\"application\/ld+json\" class=\"yoast-schema-graph\">{\"@context\":\"https:\/\/schema.org\",\"@graph\":[{\"@type\":\"WebPage\",\"@id\":\"https:\/\/colaresadvocacia.com.br\/?page_id=35\",\"url\":\"https:\/\/colaresadvocacia.com.br\/?page_id=35\",\"name\":\"Parceiros - Colares Advocacia\",\"isPartOf\":{\"@id\":\"https:\/\/colaresadvocacia.com.br\/#website\"},\"datePublished\":\"2018-08-14T18:02:54+00:00\",\"dateModified\":\"2025-02-21T01:31:04+00:00\",\"breadcrumb\":{\"@id\":\"https:\/\/colaresadvocacia.com.br\/?page_id=35#breadcrumb\"},\"inLanguage\":\"pt-BR\",\"potentialAction\":[{\"@type\":\"ReadAction\",\"target\":[\"https:\/\/colaresadvocacia.com.br\/?page_id=35\"]}]},{\"@type\":\"BreadcrumbList\",\"@id\":\"https:\/\/colaresadvocacia.com.br\/?page_id=35#breadcrumb\",\"itemListElement\":[{\"@type\":\"ListItem\",\"position\":1,\"name\":\"Home\",\"item\":\"https:\/\/colaresadvocacia.com.br\/\"},{\"@type\":\"ListItem\",\"position\":2,\"name\":\"Parceiros\"}]},{\"@type\":\"WebSite\",\"@id\":\"https:\/\/colaresadvocacia.com.br\/#website\",\"url\":\"https:\/\/colaresadvocacia.com.br\/\",\"name\":\"Colares Advocacia\",\"description\":\"\",\"publisher\":{\"@id\":\"https:\/\/colaresadvocacia.com.br\/#organization\"},\"potentialAction\":[{\"@type\":\"SearchAction\",\"target\":{\"@type\":\"EntryPoint\",\"urlTemplate\":\"https:\/\/colaresadvocacia.com.br\/?s={search_term_string}\"},\"query-input\":{\"@type\":\"PropertyValueSpecification\",\"valueRequired\":true,\"valueName\":\"search_term_string\"}}],\"inLanguage\":\"pt-BR\"},{\"@type\":\"Organization\",\"@id\":\"https:\/\/colaresadvocacia.com.br\/#organization\",\"name\":\"Colares Advocacia\",\"url\":\"https:\/\/colaresadvocacia.com.br\/\",\"logo\":{\"@type\":\"ImageObject\",\"inLanguage\":\"pt-BR\",\"@id\":\"https:\/\/colaresadvocacia.com.br\/#\/schema\/logo\/image\/\",\"url\":\"https:\/\/colaresadvocacia.com.br\/wp-content\/uploads\/2023\/01\/Logomarca-1.png\",\"contentUrl\":\"https:\/\/colaresadvocacia.com.br\/wp-content\/uploads\/2023\/01\/Logomarca-1.png\",\"width\":1920,\"height\":1920,\"caption\":\"Colares Advocacia\"},\"image\":{\"@id\":\"https:\/\/colaresadvocacia.com.br\/#\/schema\/logo\/image\/\"}}]}<\/script>\r\n<!-- \/ Yoast SEO plugin. -->","yoast_head_json":{"title":"Parceiros - Colares Advocacia","robots":{"index":"index","follow":"follow","max-snippet":"max-snippet:-1","max-image-preview":"max-image-preview:large","max-video-preview":"max-video-preview:-1"},"canonical":"https:\/\/colaresadvocacia.com.br\/?page_id=35","og_locale":"pt_BR","og_type":"article","og_title":"Parceiros - Colares Advocacia","og_description":"Interglobal &#8211; Servi\u00e7os Administrativos e Consultoria +55 (85) 3032.0189 | +55 (85) 99988.1097 Avenida Monsenhor Tabosa, n\u00ba. 1059, Meireles, Fortaleza \u2013 CE huga@globalfortaleza.com.br www.interglobalimoveis.com Ant\u00f4nio Paix\u00e3o Juv\u00eancio Herculano &#8211; Expertise em Contabilidade e Consultoria +55 (85) 98890.7506 | +55 (85) 3013.8781 hccherculanocontabilidade@gmail.com Sala do Corretor &#8211; Treinamento &amp; Apoio Administrativo LTDA +55 (85) 4042.0009 www.saladocorretor.com","og_url":"https:\/\/colaresadvocacia.com.br\/?page_id=35","og_site_name":"Colares Advocacia","article_modified_time":"2025-02-21T01:31:04+00:00","twitter_card":"summary_large_image","twitter_misc":{"Est. tempo de leitura":"1 minuto"},"schema":{"@context":"https:\/\/schema.org","@graph":[{"@type":"WebPage","@id":"https:\/\/colaresadvocacia.com.br\/?page_id=35","url":"https:\/\/colaresadvocacia.com.br\/?page_id=35","name":"Parceiros - Colares Advocacia","isPartOf":{"@id":"https:\/\/colaresadvocacia.com.br\/#website"},"datePublished":"2018-08-14T18:02:54+00:00","dateModified":"2025-02-21T01:31:04+00:00","breadcrumb":{"@id":"https:\/\/colaresadvocacia.com.br\/?page_id=35#breadcrumb"},"inLanguage":"pt-BR","potentialAction":[{"@type":"ReadAction","target":["https:\/\/colaresadvocacia.com.br\/?page_id=35"]}]},{"@type":"BreadcrumbList","@id":"https:\/\/colaresadvocacia.com.br\/?page_id=35#breadcrumb","itemListElement":[{"@type":"ListItem","position":1,"name":"Home","item":"https:\/\/colaresadvocacia.com.br\/"},{"@type":"ListItem","position":2,"name":"Parceiros"}]},{"@type":"WebSite","@id":"https:\/\/colaresadvocacia.com.br\/#website","url":"https:\/\/colaresadvocacia.com.br\/","name":"Colares Advocacia","description":"","publisher":{"@id":"https:\/\/colaresadvocacia.com.br\/#organization"},"potentialAction":[{"@type":"SearchAction","target":{"@type":"EntryPoint","urlTemplate":"https:\/\/colaresadvocacia.com.br\/?s={search_term_string}"},"query-input":{"@type":"PropertyValueSpecification","valueRequired":true,"valueName":"search_term_string"}}],"inLanguage":"pt-BR"},{"@type":"Organization","@id":"https:\/\/colaresadvocacia.com.br\/#organization","name":"Colares Advocacia","url":"https:\/\/colaresadvocacia.com.br\/","logo":{"@type":"ImageObject","inLanguage":"pt-BR","@id":"https:\/\/colaresadvocacia.com.br\/#\/schema\/logo\/image\/","url":"https:\/\/colaresadvocacia.com.br\/wp-content\/uploads\/2023\/01\/Logomarca-1.png","contentUrl":"https:\/\/colaresadvocacia.com.br\/wp-content\/uploads\/2023\/01\/Logomarca-1.png","width":1920,"height":1920,"caption":"Colares Advocacia"},"image":{"@id":"https:\/\/colaresadvocacia.com.br\/#\/schema\/logo\/image\/"}}]}},"_links":{"self":[{"href":"https:\/\/colaresadvocacia.com.br\/index.php?rest_route=\/wp\/v2\/pages\/35"}],"collection":[{"href":"https:\/\/colaresadvocacia.com.br\/index.php?rest_route=\/wp\/v2\/pages"}],"about":[{"href":"https:\/\/colaresadvocacia.com.br\/index.php?rest_route=\/wp\/v2\/types\/page"}],"author":[{"embeddable":true,"href":"https:\/\/colaresadvocacia.com.br\/index.php?rest_route=\/wp\/v2\/users\/2"}],"replies":[{"embeddable":true,"href":"https:\/\/colaresadvocacia.com.br\/index.php?rest_route=%2Fwp%2Fv2%2Fcomments&post=35"}],"version-history":[{"count":1,"href":"https:\/\/colaresadvocacia.com.br\/index.php?rest_route=\/wp\/v2\/pages\/35\/revisions"}],"predecessor-version":[{"id":927,"href":"https:\/\/colaresadvocacia.com.br\/index.php?rest_route=\/wp\/v2\/pages\/35\/revisions\/927"}],"wp:attachment":[{"href":"https:\/\/colaresadvocacia.com.br\/index.php?rest_route=%2Fwp%2Fv2%2Fmedia&parent=35"}],"curies":[{"name":"wp","href":"https:\/\/api.w.org\/{rel}","templated":true}]}}