{"id":869,"date":"2023-11-18T22:22:53","date_gmt":"2023-11-19T01:22:53","guid":{"rendered":"https:\/\/colaresadvocacia.com.br\/?page_id=869"},"modified":"2023-11-18T22:25:07","modified_gmt":"2023-11-19T01:25:07","slug":"elementor-869","status":"publish","type":"page","link":"https:\/\/colaresadvocacia.com.br\/?page_id=869&lang=es","title":{"rendered":"Quienes Somos"},"content":{"rendered":"\t\t<div data-elementor-type=\"wp-page\" data-elementor-id=\"869\" class=\"elementor elementor-869\">\n\t\t\t\t\t\t<section class=\"elementor-section elementor-top-section elementor-element elementor-element-510c33a elementor-section-full_width elementor-section-content-middle elementor-section-height-default elementor-section-height-default\" data-id=\"510c33a\" data-element_type=\"section\">\n\t\t\t\t\t\t<div class=\"elementor-container elementor-column-gap-default\">\n\t\t\t\t\t<div class=\"elementor-column elementor-col-50 elementor-top-column elementor-element elementor-element-0b66069\" data-id=\"0b66069\" data-element_type=\"column\">\n\t\t\t<div class=\"elementor-widget-wrap elementor-element-populated\">\n\t\t\t\t\t\t<div class=\"elementor-element elementor-element-09bf7a7 elementor-widget elementor-widget-image\" data-id=\"09bf7a7\" data-element_type=\"widget\" data-widget_type=\"image.default\">\n\t\t\t\t<div class=\"elementor-widget-container\">\n\t\t\t\t\t\t\t\t\t\t\t\t\t\t\t<img fetchpriority=\"high\" decoding=\"async\" width=\"300\" height=\"300\" src=\"https:\/\/colaresadvocacia.com.br\/wp-content\/uploads\/2023\/01\/Logomarca-1.png\" class=\"attachment-medium size-medium wp-image-681\" alt=\"\" \/>\t\t\t\t\t\t\t\t\t\t\t\t\t\t\t<\/div>\n\t\t\t\t<\/div>\n\t\t\t\t\t<\/div>\n\t\t<\/div>\n\t\t\t\t<div class=\"elementor-column elementor-col-50 elementor-top-column elementor-element elementor-element-e727411\" data-id=\"e727411\" data-element_type=\"column\">\n\t\t\t<div class=\"elementor-widget-wrap elementor-element-populated\">\n\t\t\t\t\t\t<div class=\"elementor-element elementor-element-2bb5cae elementor-widget__width-inherit elementor-widget elementor-widget-text-editor\" data-id=\"2bb5cae\" data-element_type=\"widget\" data-widget_type=\"text-editor.default\">\n\t\t\t\t<div class=\"elementor-widget-container\">\n\t\t\t\t\t\t\t\t\t<p><span style=\"font-weight: bold; color: #181e1f; font-family: 'Open Sans', sans-serif;\">COLARES ADVOCACIA \u2013 ASSESSORIA E CONSULTORIA ESPECIALIZADA<\/span><span style=\"color: #181e1f; font-family: 'Open Sans', sans-serif;\"> es una oficina jur\u00eddica que act\u00faa desde 1997 en Fortaleza \u2013 Cear\u00e1 \u2013 Brasil, con una historia construida sobre la competencia y la \u00e9tica. La oficina tiene una amplia experiencia en muchas \u00e1reas del derecho. Nos destacamos en el \u00e1rea de Derecho Internacional, especialmente en lo que respecta a la situaci\u00f3n jur\u00eddica de los extranjeros en territorio brasile\u00f1o (ley migratoria, visas y residencias para extranjeros, naturalizaciones, ratificaci\u00f3n de sentencias extranjeras, etc.), Derecho Comercial e Inmobiliario.<\/span><\/p>\t\t\t\t\t\t\t\t<\/div>\n\t\t\t\t<\/div>\n\t\t\t\t\t<\/div>\n\t\t<\/div>\n\t\t\t\t\t<\/div>\n\t\t<\/section>\n\t\t\t\t<section class=\"elementor-section elementor-top-section elementor-element elementor-element-cbcde74 elementor-section-boxed elementor-section-height-default elementor-section-height-default\" data-id=\"cbcde74\" data-element_type=\"section\">\n\t\t\t\t\t\t<div class=\"elementor-container elementor-column-gap-default\">\n\t\t\t\t\t<div class=\"elementor-column elementor-col-50 elementor-top-column elementor-element elementor-element-2b8f950\" data-id=\"2b8f950\" data-element_type=\"column\">\n\t\t\t<div class=\"elementor-widget-wrap elementor-element-populated\">\n\t\t\t\t\t\t<div class=\"elementor-element elementor-element-9c5c1e2 elementor-widget__width-initial elementor-widget elementor-widget-image\" data-id=\"9c5c1e2\" data-element_type=\"widget\" data-widget_type=\"image.default\">\n\t\t\t\t<div class=\"elementor-widget-container\">\n\t\t\t\t\t\t\t\t\t\t\t\t\t\t\t<img decoding=\"async\" width=\"300\" height=\"300\" src=\"https:\/\/colaresadvocacia.com.br\/wp-content\/uploads\/2018\/08\/pjcolares-1.jpg\" class=\"attachment-medium size-medium wp-image-151\" alt=\"www.colaresadvocacia.com.br\" \/>\t\t\t\t\t\t\t\t\t\t\t\t\t\t\t<\/div>\n\t\t\t\t<\/div>\n\t\t\t\t\t<\/div>\n\t\t<\/div>\n\t\t\t\t<div class=\"elementor-column elementor-col-50 elementor-top-column elementor-element elementor-element-1592ad3\" data-id=\"1592ad3\" data-element_type=\"column\">\n\t\t\t<div class=\"elementor-widget-wrap elementor-element-populated\">\n\t\t\t\t\t\t<div class=\"elementor-element elementor-element-5b2a0f7 elementor-widget__width-initial elementor-widget elementor-widget-text-editor\" data-id=\"5b2a0f7\" data-element_type=\"widget\" data-widget_type=\"text-editor.default\">\n\t\t\t\t<div class=\"elementor-widget-container\">\n\t\t\t\t\t\t\t\t\t<h4>Advogado OAB-CE 13.972<\/h4><p><strong>(55 85) 3278.3486 | (55 85) 99121.7177 |<br \/><a href=\"https:\/\/colaresadvocacia.com.br\/?page_id=39\">pjcolares@colaresadvocacia.com.br<\/a><\/strong><\/p><p>Licenciado en Derecho por la Universidad de Fortaleza \u2013 UNIFOR en 1999, abogado y socio fundador del despacho Colares Advocacia \u2013 Assessoria e Consultoria Especializada, registrado en la OAB\/CE con el n. 13.972, Postgrado en Derecho Empresarial de la Universidad Estadual de Cear\u00e1 \u2013 UECE y Postgrado en Derecho Inmobiliario de la Universidad de Fortaleza \u2013 UNIFOR. M\u00e1s de 20 a\u00f1os de experiencia en el \u00e1rea de inmigraci\u00f3n.<\/p>\t\t\t\t\t\t\t\t<\/div>\n\t\t\t\t<\/div>\n\t\t\t\t\t<\/div>\n\t\t<\/div>\n\t\t\t\t\t<\/div>\n\t\t<\/section>\n\t\t\t\t<\/div>\n\t\t","protected":false},"excerpt":{"rendered":"<p>COLARES ADVOCACIA \u2013 ASSESSORIA E CONSULTORIA ESPECIALIZADA es una oficina jur\u00eddica que act\u00faa desde 1997 en Fortaleza \u2013 Cear\u00e1 \u2013 Brasil, con una historia construida sobre la competencia y la \u00e9tica. La oficina tiene una amplia experiencia en muchas \u00e1reas del derecho. Nos destacamos en el \u00e1rea de Derecho Internacional, especialmente en lo que respecta [&hellip;]<\/p>\n","protected":false},"author":1,"featured_media":0,"parent":0,"menu_order":0,"comment_status":"closed","ping_status":"closed","template":"","meta":{"footnotes":""},"yoast_head":"<!-- This site is optimized with the Yoast SEO plugin v26.1 - https:\/\/yoast.com\/wordpress\/plugins\/seo\/ -->\r\n<title>Quienes Somos - Colares Advocacia<\/title>\r\n<meta name=\"robots\" content=\"index, follow, max-snippet:-1, max-image-preview:large, max-video-preview:-1\" \/>\r\n<link rel=\"canonical\" href=\"https:\/\/colaresadvocacia.com.br\/?page_id=869&lang=es\" \/>\r\n<meta property=\"og:locale\" content=\"pt_BR\" \/>\r\n<meta property=\"og:type\" content=\"article\" \/>\r\n<meta property=\"og:title\" content=\"Quienes Somos - Colares Advocacia\" \/>\r\n<meta property=\"og:description\" content=\"COLARES ADVOCACIA \u2013 ASSESSORIA E CONSULTORIA ESPECIALIZADA es una oficina jur\u00eddica que act\u00faa desde 1997 en Fortaleza \u2013 Cear\u00e1 \u2013 Brasil, con una historia construida sobre la competencia y la \u00e9tica. La oficina tiene una amplia experiencia en muchas \u00e1reas del derecho. Nos destacamos en el \u00e1rea de Derecho Internacional, especialmente en lo que respecta [&hellip;]\" \/>\r\n<meta property=\"og:url\" content=\"https:\/\/colaresadvocacia.com.br\/?page_id=869&amp;lang=es\" \/>\r\n<meta property=\"og:site_name\" content=\"Colares Advocacia\" \/>\r\n<meta property=\"article:modified_time\" content=\"2023-11-19T01:25:07+00:00\" \/>\r\n<meta property=\"og:image\" content=\"https:\/\/colaresadvocacia.com.br\/wp-content\/uploads\/2023\/01\/Logomarca-1.png\" \/>\r\n<meta name=\"twitter:card\" content=\"summary_large_image\" \/>\r\n<meta name=\"twitter:label1\" content=\"Est. tempo de leitura\" \/>\n\t<meta name=\"twitter:data1\" content=\"1 minuto\" \/>\r\n<script type=\"application\/ld+json\" class=\"yoast-schema-graph\">{\"@context\":\"https:\/\/schema.org\",\"@graph\":[{\"@type\":\"WebPage\",\"@id\":\"https:\/\/colaresadvocacia.com.br\/?page_id=869&lang=es\",\"url\":\"https:\/\/colaresadvocacia.com.br\/?page_id=869&lang=es\",\"name\":\"Quienes Somos - Colares Advocacia\",\"isPartOf\":{\"@id\":\"https:\/\/colaresadvocacia.com.br\/#website\"},\"primaryImageOfPage\":{\"@id\":\"https:\/\/colaresadvocacia.com.br\/?page_id=869&lang=es#primaryimage\"},\"image\":{\"@id\":\"https:\/\/colaresadvocacia.com.br\/?page_id=869&lang=es#primaryimage\"},\"thumbnailUrl\":\"https:\/\/colaresadvocacia.com.br\/wp-content\/uploads\/2023\/01\/Logomarca-1.png\",\"datePublished\":\"2023-11-19T01:22:53+00:00\",\"dateModified\":\"2023-11-19T01:25:07+00:00\",\"breadcrumb\":{\"@id\":\"https:\/\/colaresadvocacia.com.br\/?page_id=869&lang=es#breadcrumb\"},\"inLanguage\":\"pt-BR\",\"potentialAction\":[{\"@type\":\"ReadAction\",\"target\":[\"https:\/\/colaresadvocacia.com.br\/?page_id=869&lang=es\"]}]},{\"@type\":\"ImageObject\",\"inLanguage\":\"pt-BR\",\"@id\":\"https:\/\/colaresadvocacia.com.br\/?page_id=869&lang=es#primaryimage\",\"url\":\"https:\/\/colaresadvocacia.com.br\/wp-content\/uploads\/2023\/01\/Logomarca-1.png\",\"contentUrl\":\"https:\/\/colaresadvocacia.com.br\/wp-content\/uploads\/2023\/01\/Logomarca-1.png\",\"width\":1920,\"height\":1920},{\"@type\":\"BreadcrumbList\",\"@id\":\"https:\/\/colaresadvocacia.com.br\/?page_id=869&lang=es#breadcrumb\",\"itemListElement\":[{\"@type\":\"ListItem\",\"position\":1,\"name\":\"Home\",\"item\":\"https:\/\/colaresadvocacia.com.br\/\"},{\"@type\":\"ListItem\",\"position\":2,\"name\":\"Quienes Somos\"}]},{\"@type\":\"WebSite\",\"@id\":\"https:\/\/colaresadvocacia.com.br\/#website\",\"url\":\"https:\/\/colaresadvocacia.com.br\/\",\"name\":\"Colares Advocacia\",\"description\":\"\",\"publisher\":{\"@id\":\"https:\/\/colaresadvocacia.com.br\/#organization\"},\"potentialAction\":[{\"@type\":\"SearchAction\",\"target\":{\"@type\":\"EntryPoint\",\"urlTemplate\":\"https:\/\/colaresadvocacia.com.br\/?s={search_term_string}\"},\"query-input\":{\"@type\":\"PropertyValueSpecification\",\"valueRequired\":true,\"valueName\":\"search_term_string\"}}],\"inLanguage\":\"pt-BR\"},{\"@type\":\"Organization\",\"@id\":\"https:\/\/colaresadvocacia.com.br\/#organization\",\"name\":\"Colares Advocacia\",\"url\":\"https:\/\/colaresadvocacia.com.br\/\",\"logo\":{\"@type\":\"ImageObject\",\"inLanguage\":\"pt-BR\",\"@id\":\"https:\/\/colaresadvocacia.com.br\/#\/schema\/logo\/image\/\",\"url\":\"https:\/\/colaresadvocacia.com.br\/wp-content\/uploads\/2023\/01\/Logomarca-1.png\",\"contentUrl\":\"https:\/\/colaresadvocacia.com.br\/wp-content\/uploads\/2023\/01\/Logomarca-1.png\",\"width\":1920,\"height\":1920,\"caption\":\"Colares Advocacia\"},\"image\":{\"@id\":\"https:\/\/colaresadvocacia.com.br\/#\/schema\/logo\/image\/\"}}]}<\/script>\r\n<!-- \/ Yoast SEO plugin. -->","yoast_head_json":{"title":"Quienes Somos - Colares Advocacia","robots":{"index":"index","follow":"follow","max-snippet":"max-snippet:-1","max-image-preview":"max-image-preview:large","max-video-preview":"max-video-preview:-1"},"canonical":"https:\/\/colaresadvocacia.com.br\/?page_id=869&lang=es","og_locale":"pt_BR","og_type":"article","og_title":"Quienes Somos - Colares Advocacia","og_description":"COLARES ADVOCACIA \u2013 ASSESSORIA E CONSULTORIA ESPECIALIZADA es una oficina jur\u00eddica que act\u00faa desde 1997 en Fortaleza \u2013 Cear\u00e1 \u2013 Brasil, con una historia construida sobre la competencia y la \u00e9tica. La oficina tiene una amplia experiencia en muchas \u00e1reas del derecho. Nos destacamos en el \u00e1rea de Derecho Internacional, especialmente en lo que respecta [&hellip;]","og_url":"https:\/\/colaresadvocacia.com.br\/?page_id=869&lang=es","og_site_name":"Colares Advocacia","article_modified_time":"2023-11-19T01:25:07+00:00","og_image":[{"url":"https:\/\/colaresadvocacia.com.br\/wp-content\/uploads\/2023\/01\/Logomarca-1.png","type":"","width":"","height":""}],"twitter_card":"summary_large_image","twitter_misc":{"Est. tempo de leitura":"1 minuto"},"schema":{"@context":"https:\/\/schema.org","@graph":[{"@type":"WebPage","@id":"https:\/\/colaresadvocacia.com.br\/?page_id=869&lang=es","url":"https:\/\/colaresadvocacia.com.br\/?page_id=869&lang=es","name":"Quienes Somos - Colares Advocacia","isPartOf":{"@id":"https:\/\/colaresadvocacia.com.br\/#website"},"primaryImageOfPage":{"@id":"https:\/\/colaresadvocacia.com.br\/?page_id=869&lang=es#primaryimage"},"image":{"@id":"https:\/\/colaresadvocacia.com.br\/?page_id=869&lang=es#primaryimage"},"thumbnailUrl":"https:\/\/colaresadvocacia.com.br\/wp-content\/uploads\/2023\/01\/Logomarca-1.png","datePublished":"2023-11-19T01:22:53+00:00","dateModified":"2023-11-19T01:25:07+00:00","breadcrumb":{"@id":"https:\/\/colaresadvocacia.com.br\/?page_id=869&lang=es#breadcrumb"},"inLanguage":"pt-BR","potentialAction":[{"@type":"ReadAction","target":["https:\/\/colaresadvocacia.com.br\/?page_id=869&lang=es"]}]},{"@type":"ImageObject","inLanguage":"pt-BR","@id":"https:\/\/colaresadvocacia.com.br\/?page_id=869&lang=es#primaryimage","url":"https:\/\/colaresadvocacia.com.br\/wp-content\/uploads\/2023\/01\/Logomarca-1.png","contentUrl":"https:\/\/colaresadvocacia.com.br\/wp-content\/uploads\/2023\/01\/Logomarca-1.png","width":1920,"height":1920},{"@type":"BreadcrumbList","@id":"https:\/\/colaresadvocacia.com.br\/?page_id=869&lang=es#breadcrumb","itemListElement":[{"@type":"ListItem","position":1,"name":"Home","item":"https:\/\/colaresadvocacia.com.br\/"},{"@type":"ListItem","position":2,"name":"Quienes Somos"}]},{"@type":"WebSite","@id":"https:\/\/colaresadvocacia.com.br\/#website","url":"https:\/\/colaresadvocacia.com.br\/","name":"Colares Advocacia","description":"","publisher":{"@id":"https:\/\/colaresadvocacia.com.br\/#organization"},"potentialAction":[{"@type":"SearchAction","target":{"@type":"EntryPoint","urlTemplate":"https:\/\/colaresadvocacia.com.br\/?s={search_term_string}"},"query-input":{"@type":"PropertyValueSpecification","valueRequired":true,"valueName":"search_term_string"}}],"inLanguage":"pt-BR"},{"@type":"Organization","@id":"https:\/\/colaresadvocacia.com.br\/#organization","name":"Colares Advocacia","url":"https:\/\/colaresadvocacia.com.br\/","logo":{"@type":"ImageObject","inLanguage":"pt-BR","@id":"https:\/\/colaresadvocacia.com.br\/#\/schema\/logo\/image\/","url":"https:\/\/colaresadvocacia.com.br\/wp-content\/uploads\/2023\/01\/Logomarca-1.png","contentUrl":"https:\/\/colaresadvocacia.com.br\/wp-content\/uploads\/2023\/01\/Logomarca-1.png","width":1920,"height":1920,"caption":"Colares Advocacia"},"image":{"@id":"https:\/\/colaresadvocacia.com.br\/#\/schema\/logo\/image\/"}}]}},"_links":{"self":[{"href":"https:\/\/colaresadvocacia.com.br\/index.php?rest_route=\/wp\/v2\/pages\/869"}],"collection":[{"href":"https:\/\/colaresadvocacia.com.br\/index.php?rest_route=\/wp\/v2\/pages"}],"about":[{"href":"https:\/\/colaresadvocacia.com.br\/index.php?rest_route=\/wp\/v2\/types\/page"}],"author":[{"embeddable":true,"href":"https:\/\/colaresadvocacia.com.br\/index.php?rest_route=\/wp\/v2\/users\/1"}],"replies":[{"embeddable":true,"href":"https:\/\/colaresadvocacia.com.br\/index.php?rest_route=%2Fwp%2Fv2%2Fcomments&post=869"}],"version-history":[{"count":5,"href":"https:\/\/colaresadvocacia.com.br\/index.php?rest_route=\/wp\/v2\/pages\/869\/revisions"}],"predecessor-version":[{"id":874,"href":"https:\/\/colaresadvocacia.com.br\/index.php?rest_route=\/wp\/v2\/pages\/869\/revisions\/874"}],"wp:attachment":[{"href":"https:\/\/colaresadvocacia.com.br\/index.php?rest_route=%2Fwp%2Fv2%2Fmedia&parent=869"}],"curies":[{"name":"wp","href":"https:\/\/api.w.org\/{rel}","templated":true}]}}